{"id":1097,"date":"2017-07-31T10:13:39","date_gmt":"2017-07-31T10:13:39","guid":{"rendered":"http:\/\/appetito.mikado-themes.com\/?page_id=1097"},"modified":"2025-10-28T00:22:39","modified_gmt":"2025-10-28T00:22:39","slug":"alianzas","status":"publish","type":"page","link":"https:\/\/surandesseafood.cl\/index.php\/alianzas\/","title":{"rendered":"Alianzas"},"content":{"rendered":"<section class=\"wpb-content-wrapper\"><p>[vc_row row_content_width=\u00bbgrid\u00bb disable_background_image=\u00bb1024&#8243; content_text_aligment=\u00bbcenter\u00bb css=\u00bb.vc_custom_1761610811896{padding-top: 127px !important;padding-bottom: 22px !important;}\u00bb simple_background_image=\u00bb1133&#8243;][vc_column]<div class=\"mkd-section-title-holder  mkd-title-custom  mkd-st-text-position-center\" style=\"text-align: center\">\n        <div class=\"mkd-section-title-inner\">\n                    <h5 class=\"mkd-st-subtitle\" style=\"color: #7f7f7f\">\n                <span>PROVEEDORES SELECTOS<\/span>\n            <\/h5>\n                            <h2 class=\"mkd-st-title mkd-title-center\" >\n                <span>ALIANZAS<\/span>\n            <\/h2>\n                    <\/div>\n<\/div>[\/vc_column][\/vc_row][vc_row][vc_column width=\u00bb1\/2&#8243;][vc_empty_space height=\u00bb20px\u00bb]<div class=\"mkd-iwt clearfix mkd-iwt-icon-top mkd-iwt-icon-small mkd-iwt-has-bg\" style=\"background-image: url(https:\/\/surandesseafood.cl\/wp-content\/uploads\/2017\/07\/h2-icon7-background.png)\">\n\t<div class=\"mkd-iwt-icon\">\n\t\t\t\t\t<a itemprop=\"url\" href=\"https:\/\/pasionesitalianas.cl\/\" target=\"_blank\">\n\t\t\t\t\t\t\t\t\t<img loading=\"lazy\" decoding=\"async\" width=\"260\" height=\"153\" src=\"https:\/\/surandesseafood.cl\/wp-content\/uploads\/2025\/10\/pasiones-italianas-e1761610602884.png\" class=\"attachment-full size-full\" alt=\"\" \/>\t\t\t\t\t\t\t\t<\/a>\n\t\t\t<\/div>\n\t<div class=\"mkd-iwt-content\" >\n\t\t\t\t\t<h4 class=\"mkd-iwt-title\" style=\"color: #2e2e2e\">\n\t\t\t\t\t\t\t\t\t<a itemprop=\"url\" href=\"https:\/\/pasionesitalianas.cl\/\" target=\"_blank\">\n\t\t\t\t\t\t\t\t<span class=\"mkd-iwt-title-text\">PASIONES ITALIANAS<\/span>\n\t\t\t\t\t\t\t\t\t<\/a>\n\t\t\t\t\t\t\t<\/h4>\n\t\t\t\t\t\t\t<p class=\"mkd-iwt-text\" >Empresa chilena fundada en el a\u00f1o 2009, dedicada a la elaboraci\u00f3n de pastas y salsas congeladas de alta calidad. Les apasiona llevar el aut\u00e9ntico sabor de Italia a tu mesa, combinando la tradici\u00f3n artesanal con tecnolog\u00eda de punta para garantizar un producto fresco, sabroso y seguro.<\/p>\n\t\t\t<\/div>\n<\/div>[vc_empty_space height=\u00bb50px\u00bb][\/vc_column][vc_column width=\u00bb1\/2&#8243;]<div class=\"mkd-iwt clearfix mkd-iwt-icon-top mkd-iwt-icon-medium mkd-iwt-has-bg\" style=\"background-image: url(https:\/\/surandesseafood.cl\/wp-content\/uploads\/2017\/07\/h2-icon6-background.png)\">\n\t<div class=\"mkd-iwt-icon\">\n\t\t\t\t\t<a itemprop=\"url\" href=\"https:\/\/coppelia.cl\/\" target=\"_blank\">\n\t\t\t\t\t\t\t\t\t<img loading=\"lazy\" decoding=\"async\" width=\"251\" height=\"174\" src=\"https:\/\/surandesseafood.cl\/wp-content\/uploads\/2025\/10\/coppelia.jpg\" class=\"attachment-full size-full\" alt=\"\" \/>\t\t\t\t\t\t\t\t<\/a>\n\t\t\t<\/div>\n\t<div class=\"mkd-iwt-content\" >\n\t\t\t\t\t<h4 class=\"mkd-iwt-title\" style=\"color: #2e2e2e\">\n\t\t\t\t\t\t\t\t\t<a itemprop=\"url\" href=\"https:\/\/coppelia.cl\/\" target=\"_blank\">\n\t\t\t\t\t\t\t\t<span class=\"mkd-iwt-title-text\">COPPELIA<\/span>\n\t\t\t\t\t\t\t\t\t<\/a>\n\t\t\t\t\t\t\t<\/h4>\n\t\t\t\t\t\t\t<p class=\"mkd-iwt-text\" >Empresa que entrega dulces momentos desde 1949, deleitando con sus postres, tortas, helados entre otros pasteles. Siendo un punto de encuentro para todas las generaciones, en sus mesas y vitrinas, tradici\u00f3n en excelencia de calidad.<\/p>\n\t\t\t<\/div>\n<\/div>[vc_empty_space height=\u00bb50px\u00bb][\/vc_column][\/vc_row]<\/p>\n<\/section>","protected":false},"excerpt":{"rendered":"<p>[vc_row row_content_width=\u00bbgrid\u00bb disable_background_image=\u00bb1024&#8243; content_text_aligment=\u00bbcenter\u00bb css=\u00bb.vc_custom_1761610811896{padding-top: 127px !important;padding-bottom: 22px !important;}\u00bb simple_background_image=\u00bb1133&#8243;][vc_column][\/vc_column][\/vc_row][vc_row][vc_column width=\u00bb1\/2&#8243;][vc_empty_space height=\u00bb20px\u00bb][vc_empty_space height=\u00bb50px\u00bb][\/vc_column][vc_column width=\u00bb1\/2&#8243;][vc_empty_space height=\u00bb50px\u00bb][\/vc_column][\/vc_row]<\/p>\n","protected":false},"author":1,"featured_media":0,"parent":0,"menu_order":0,"comment_status":"closed","ping_status":"closed","template":"full-width.php","meta":{"footnotes":""},"class_list":["post-1097","page","type-page","status-publish","hentry"],"_links":{"self":[{"href":"https:\/\/surandesseafood.cl\/index.php\/wp-json\/wp\/v2\/pages\/1097","targetHints":{"allow":["GET"]}}],"collection":[{"href":"https:\/\/surandesseafood.cl\/index.php\/wp-json\/wp\/v2\/pages"}],"about":[{"href":"https:\/\/surandesseafood.cl\/index.php\/wp-json\/wp\/v2\/types\/page"}],"author":[{"embeddable":true,"href":"https:\/\/surandesseafood.cl\/index.php\/wp-json\/wp\/v2\/users\/1"}],"replies":[{"embeddable":true,"href":"https:\/\/surandesseafood.cl\/index.php\/wp-json\/wp\/v2\/comments?post=1097"}],"version-history":[{"count":13,"href":"https:\/\/surandesseafood.cl\/index.php\/wp-json\/wp\/v2\/pages\/1097\/revisions"}],"predecessor-version":[{"id":9104,"href":"https:\/\/surandesseafood.cl\/index.php\/wp-json\/wp\/v2\/pages\/1097\/revisions\/9104"}],"wp:attachment":[{"href":"https:\/\/surandesseafood.cl\/index.php\/wp-json\/wp\/v2\/media?parent=1097"}],"curies":[{"name":"wp","href":"https:\/\/api.w.org\/{rel}","templated":true}]}}