{"id":845,"date":"2017-07-28T11:35:25","date_gmt":"2017-07-28T11:35:25","guid":{"rendered":"http:\/\/appetito.mikado-themes.com\/?page_id=845"},"modified":"2025-11-13T23:43:17","modified_gmt":"2025-11-13T23:43:17","slug":"nosotros","status":"publish","type":"page","link":"https:\/\/surandesseafood.cl\/index.php\/nosotros\/","title":{"rendered":"Nosotros"},"content":{"rendered":"<section class=\"wpb-content-wrapper\"><p>[vc_row row_content_width=\u00bbgrid\u00bb content_text_aligment=\u00bbcenter\u00bb css=\u00bb.vc_custom_1505819517450{padding-top: 127px !important;padding-bottom: 50px !important;}\u00bb][vc_column]<div class=\"mkd-section-title-holder  mkd-title-custom  mkd-st-text-position-center\" style=\"text-align: center\">\n        <div class=\"mkd-section-title-inner\">\n                    <h5 class=\"mkd-st-subtitle\" style=\"color: #7f7f7f\">\n                <span>DEDICACI\u00d3N Y PASI\u00d3N POR LOS SABORES<\/span>\n            <\/h5>\n                            <h2 class=\"mkd-st-title mkd-title-center\" >\n                <span>Nuestra Historia<\/span>\n            <\/h2>\n                            <p class=\"mkd-st-text\" >Un legado que parte en el a\u00f1o 1982<\/p>\n            <\/div>\n<\/div>[vc_row_inner content_text_aligment=\u00bbleft\u00bb css=\u00bb.vc_custom_1501236671381{padding-top: 85px !important;}\u00bb][vc_column_inner offset=\u00bbvc_col-lg-6&#8243;][vc_single_image image=\u00bb8778&#8243; img_size=\u00bbfull\u00bb][vc_empty_space height=\u00bb80px\u00bb][\/vc_column_inner][vc_column_inner css=\u00bb.vc_custom_1501238720419{margin-top: -50px !important;}\u00bb offset=\u00bbvc_col-lg-6&#8243;]<div class=\"mkd-elements-holder mkd-one-column mkd-responsive-mode-768\" ><div class=\"mkd-eh-item \"  data-item-class=\"mkd-eh-custom-809814\" data-768-1024=\"0px 3% 0px 0%\" data-480=\"0px 3% 0px 0%\">\n\t<div class=\"mkd-eh-item-inner\">\n\t\t<div class=\"mkd-eh-item-content mkd-eh-custom-809814\" style=\"padding: 25px 3% 0px 8%\">\n\t\t\t[vc_column_text]<\/p>\n<h2><span style=\"color: #424242; font-size: 31px; text-transform: uppercase;\">PASI\u00d3N POR LOS FRUTOS DEL MAR<\/span><\/h2>\n<p>[\/vc_column_text][vc_empty_space height=\u00bb5px\u00bb][vc_column_text]Especializados en los productos del mar, nos interiorizamos hace muchos a\u00f1os por trabajar en diversas pesqueras de Chile tanto en caletas patag\u00f3nicas, como caletas norte\u00f1as. Comenzamos en el a\u00f1o 1982 en trabajos en plantas de conservas, congeladoras, iniciando el desarrollo de la industria salmonera y junto a ello participando durante a\u00f1os en la comercializaci\u00f3n de ventas del mercado.[\/vc_column_text][vc_empty_space height=\u00bb7px\u00bb][vc_column_text]Luego de haber conocido todo el mundo de la industria pesquera, nos consolidamos en la V regi\u00f3n, buscando los mejores productos de diversos proveedores y poder llegar a cada casa, local, restaurante y hotel, principalmente en Vi\u00f1a del Mar.<br \/>\nActualmente hemos logrado consolidarnos, ampli\u00e1ndonos para as\u00ed poder distribuir nuestros productos del mar a gran parte de la V regi\u00f3n.[\/vc_column_text]\t\t<\/div>\n\t<\/div>\n<\/div><\/div>[vc_empty_space height=\u00bb80px\u00bb][\/vc_column_inner][\/vc_row_inner][\/vc_column][\/vc_row]<\/p>\n<\/section>","protected":false},"excerpt":{"rendered":"<p>[vc_row row_content_width=\u00bbgrid\u00bb content_text_aligment=\u00bbcenter\u00bb css=\u00bb.vc_custom_1505819517450{padding-top: 127px !important;padding-bottom: 50px !important;}\u00bb][vc_column][vc_row_inner content_text_aligment=\u00bbleft\u00bb css=\u00bb.vc_custom_1501236671381{padding-top: 85px !important;}\u00bb][vc_column_inner offset=\u00bbvc_col-lg-6&#8243;][vc_single_image image=\u00bb8778&#8243; img_size=\u00bbfull\u00bb][vc_empty_space height=\u00bb80px\u00bb][\/vc_column_inner][vc_column_inner css=\u00bb.vc_custom_1501238720419{margin-top: -50px !important;}\u00bb offset=\u00bbvc_col-lg-6&#8243;][vc_empty_space height=\u00bb80px\u00bb][\/vc_column_inner][\/vc_row_inner][\/vc_column][\/vc_row]<\/p>\n","protected":false},"author":1,"featured_media":0,"parent":0,"menu_order":0,"comment_status":"closed","ping_status":"closed","template":"full-width.php","meta":{"footnotes":""},"class_list":["post-845","page","type-page","status-publish","hentry"],"_links":{"self":[{"href":"https:\/\/surandesseafood.cl\/index.php\/wp-json\/wp\/v2\/pages\/845","targetHints":{"allow":["GET"]}}],"collection":[{"href":"https:\/\/surandesseafood.cl\/index.php\/wp-json\/wp\/v2\/pages"}],"about":[{"href":"https:\/\/surandesseafood.cl\/index.php\/wp-json\/wp\/v2\/types\/page"}],"author":[{"embeddable":true,"href":"https:\/\/surandesseafood.cl\/index.php\/wp-json\/wp\/v2\/users\/1"}],"replies":[{"embeddable":true,"href":"https:\/\/surandesseafood.cl\/index.php\/wp-json\/wp\/v2\/comments?post=845"}],"version-history":[{"count":5,"href":"https:\/\/surandesseafood.cl\/index.php\/wp-json\/wp\/v2\/pages\/845\/revisions"}],"predecessor-version":[{"id":9410,"href":"https:\/\/surandesseafood.cl\/index.php\/wp-json\/wp\/v2\/pages\/845\/revisions\/9410"}],"wp:attachment":[{"href":"https:\/\/surandesseafood.cl\/index.php\/wp-json\/wp\/v2\/media?parent=845"}],"curies":[{"name":"wp","href":"https:\/\/api.w.org\/{rel}","templated":true}]}}