{"id":8917,"date":"2025-10-27T17:21:09","date_gmt":"2025-10-27T17:21:09","guid":{"rendered":"https:\/\/surandesseafood.cl\/?post_type=product&#038;p=8917"},"modified":"2025-10-31T20:54:37","modified_gmt":"2025-10-31T20:54:37","slug":"champinon-2840-grs","status":"publish","type":"product","link":"https:\/\/surandesseafood.cl\/index.php\/producto\/champinon-2840-grs\/","title":{"rendered":"Champi\u00f1\u00f3n 2840 grs"},"content":{"rendered":"<p>Champi\u00f1\u00f3n Laminado Tarro 2840 grs.<\/p>\n","protected":false},"excerpt":{"rendered":"<p>Champi\u00f1\u00f3n Laminado Tarro 2840 grs.<\/p>\n","protected":false},"featured_media":9284,"template":"","meta":[],"product_brand":[],"product_cat":[113],"product_tag":[],"class_list":{"0":"post-8917","1":"product","2":"type-product","3":"status-publish","4":"has-post-thumbnail","6":"product_cat-almacen","8":"first","9":"instock","10":"shipping-taxable","11":"product-type-simple"},"_links":{"self":[{"href":"https:\/\/surandesseafood.cl\/index.php\/wp-json\/wp\/v2\/product\/8917","targetHints":{"allow":["GET"]}}],"collection":[{"href":"https:\/\/surandesseafood.cl\/index.php\/wp-json\/wp\/v2\/product"}],"about":[{"href":"https:\/\/surandesseafood.cl\/index.php\/wp-json\/wp\/v2\/types\/product"}],"wp:featuredmedia":[{"embeddable":true,"href":"https:\/\/surandesseafood.cl\/index.php\/wp-json\/wp\/v2\/media\/9284"}],"wp:attachment":[{"href":"https:\/\/surandesseafood.cl\/index.php\/wp-json\/wp\/v2\/media?parent=8917"}],"wp:term":[{"taxonomy":"product_brand","embeddable":true,"href":"https:\/\/surandesseafood.cl\/index.php\/wp-json\/wp\/v2\/product_brand?post=8917"},{"taxonomy":"product_cat","embeddable":true,"href":"https:\/\/surandesseafood.cl\/index.php\/wp-json\/wp\/v2\/product_cat?post=8917"},{"taxonomy":"product_tag","embeddable":true,"href":"https:\/\/surandesseafood.cl\/index.php\/wp-json\/wp\/v2\/product_tag?post=8917"}],"curies":[{"name":"wp","href":"https:\/\/api.w.org\/{rel}","templated":true}]}}