{"id":8973,"date":"2025-10-27T17:54:17","date_gmt":"2025-10-27T17:54:17","guid":{"rendered":"https:\/\/surandesseafood.cl\/?post_type=product&#038;p=8973"},"modified":"2025-12-11T14:18:22","modified_gmt":"2025-12-11T14:18:22","slug":"camaron-ecuatoriano-36-40-crudo-con-cascara","status":"publish","type":"product","link":"https:\/\/surandesseafood.cl\/index.php\/producto\/camaron-ecuatoriano-36-40-crudo-con-cascara\/","title":{"rendered":"Camar\u00f3n Ecuatoriano 36-40 crudo con c\u00e1scara"},"content":{"rendered":"<p>Camar\u00f3n Ecuatoriano 36-40 crudo con c\u00e1scara<\/p>\n","protected":false},"excerpt":{"rendered":"<p>Camar\u00f3n Ecuatoriano 36-40 crudo con c\u00e1scara<\/p>\n","protected":false},"featured_media":9425,"template":"","meta":[],"product_brand":[],"product_cat":[117],"product_tag":[],"class_list":{"0":"post-8973","1":"product","2":"type-product","3":"status-publish","4":"has-post-thumbnail","6":"product_cat-crustaceo","8":"first","9":"instock","10":"shipping-taxable","11":"product-type-simple"},"_links":{"self":[{"href":"https:\/\/surandesseafood.cl\/index.php\/wp-json\/wp\/v2\/product\/8973","targetHints":{"allow":["GET"]}}],"collection":[{"href":"https:\/\/surandesseafood.cl\/index.php\/wp-json\/wp\/v2\/product"}],"about":[{"href":"https:\/\/surandesseafood.cl\/index.php\/wp-json\/wp\/v2\/types\/product"}],"wp:featuredmedia":[{"embeddable":true,"href":"https:\/\/surandesseafood.cl\/index.php\/wp-json\/wp\/v2\/media\/9425"}],"wp:attachment":[{"href":"https:\/\/surandesseafood.cl\/index.php\/wp-json\/wp\/v2\/media?parent=8973"}],"wp:term":[{"taxonomy":"product_brand","embeddable":true,"href":"https:\/\/surandesseafood.cl\/index.php\/wp-json\/wp\/v2\/product_brand?post=8973"},{"taxonomy":"product_cat","embeddable":true,"href":"https:\/\/surandesseafood.cl\/index.php\/wp-json\/wp\/v2\/product_cat?post=8973"},{"taxonomy":"product_tag","embeddable":true,"href":"https:\/\/surandesseafood.cl\/index.php\/wp-json\/wp\/v2\/product_tag?post=8973"}],"curies":[{"name":"wp","href":"https:\/\/api.w.org\/{rel}","templated":true}]}}