{"id":9032,"date":"2025-10-27T18:16:37","date_gmt":"2025-10-27T18:16:37","guid":{"rendered":"https:\/\/surandesseafood.cl\/?post_type=product&#038;p=9032"},"modified":"2025-10-30T18:54:23","modified_gmt":"2025-10-30T18:54:23","slug":"salmon-ahumado-laminado-500-grs-al-vacio","status":"publish","type":"product","link":"https:\/\/surandesseafood.cl\/index.php\/producto\/salmon-ahumado-laminado-500-grs-al-vacio\/","title":{"rendered":"Salm\u00f3n ahumado Laminado 500 grs al vac\u00edo"},"content":{"rendered":"<p>Salm\u00f3n ahumado Laminado 500 grs al vac\u00edo<\/p>\n","protected":false},"excerpt":{"rendered":"<p>Salm\u00f3n ahumado Laminado 500 grs al vac\u00edo<\/p>\n","protected":false},"featured_media":9157,"template":"","meta":[],"product_brand":[],"product_cat":[116],"product_tag":[],"class_list":{"0":"post-9032","1":"product","2":"type-product","3":"status-publish","4":"has-post-thumbnail","6":"product_cat-pescados","8":"first","9":"instock","10":"shipping-taxable","11":"product-type-simple"},"_links":{"self":[{"href":"https:\/\/surandesseafood.cl\/index.php\/wp-json\/wp\/v2\/product\/9032","targetHints":{"allow":["GET"]}}],"collection":[{"href":"https:\/\/surandesseafood.cl\/index.php\/wp-json\/wp\/v2\/product"}],"about":[{"href":"https:\/\/surandesseafood.cl\/index.php\/wp-json\/wp\/v2\/types\/product"}],"wp:featuredmedia":[{"embeddable":true,"href":"https:\/\/surandesseafood.cl\/index.php\/wp-json\/wp\/v2\/media\/9157"}],"wp:attachment":[{"href":"https:\/\/surandesseafood.cl\/index.php\/wp-json\/wp\/v2\/media?parent=9032"}],"wp:term":[{"taxonomy":"product_brand","embeddable":true,"href":"https:\/\/surandesseafood.cl\/index.php\/wp-json\/wp\/v2\/product_brand?post=9032"},{"taxonomy":"product_cat","embeddable":true,"href":"https:\/\/surandesseafood.cl\/index.php\/wp-json\/wp\/v2\/product_cat?post=9032"},{"taxonomy":"product_tag","embeddable":true,"href":"https:\/\/surandesseafood.cl\/index.php\/wp-json\/wp\/v2\/product_tag?post=9032"}],"curies":[{"name":"wp","href":"https:\/\/api.w.org\/{rel}","templated":true}]}}