{"id":9040,"date":"2025-10-27T18:18:52","date_gmt":"2025-10-27T18:18:52","guid":{"rendered":"https:\/\/surandesseafood.cl\/?post_type=product&#038;p=9040"},"modified":"2025-10-30T19:26:31","modified_gmt":"2025-10-30T19:26:31","slug":"salmon-atlantico-congelado-porcion-de-cola-sin-piel","status":"publish","type":"product","link":"https:\/\/surandesseafood.cl\/index.php\/producto\/salmon-atlantico-congelado-porcion-de-cola-sin-piel\/","title":{"rendered":"Salm\u00f3n atl\u00e1ntico congelado Porci\u00f3n de cola sin piel"},"content":{"rendered":"<p>Salm\u00f3n atl\u00e1ntico congelado Porci\u00f3n de cola sin piel<\/p>\n","protected":false},"excerpt":{"rendered":"<p>Salm\u00f3n atl\u00e1ntico congelado Porci\u00f3n de cola sin piel<\/p>\n","protected":false},"featured_media":9150,"template":"","meta":[],"product_brand":[],"product_cat":[116],"product_tag":[],"class_list":{"0":"post-9040","1":"product","2":"type-product","3":"status-publish","4":"has-post-thumbnail","6":"product_cat-pescados","8":"first","9":"instock","10":"shipping-taxable","11":"product-type-simple"},"_links":{"self":[{"href":"https:\/\/surandesseafood.cl\/index.php\/wp-json\/wp\/v2\/product\/9040","targetHints":{"allow":["GET"]}}],"collection":[{"href":"https:\/\/surandesseafood.cl\/index.php\/wp-json\/wp\/v2\/product"}],"about":[{"href":"https:\/\/surandesseafood.cl\/index.php\/wp-json\/wp\/v2\/types\/product"}],"wp:featuredmedia":[{"embeddable":true,"href":"https:\/\/surandesseafood.cl\/index.php\/wp-json\/wp\/v2\/media\/9150"}],"wp:attachment":[{"href":"https:\/\/surandesseafood.cl\/index.php\/wp-json\/wp\/v2\/media?parent=9040"}],"wp:term":[{"taxonomy":"product_brand","embeddable":true,"href":"https:\/\/surandesseafood.cl\/index.php\/wp-json\/wp\/v2\/product_brand?post=9040"},{"taxonomy":"product_cat","embeddable":true,"href":"https:\/\/surandesseafood.cl\/index.php\/wp-json\/wp\/v2\/product_cat?post=9040"},{"taxonomy":"product_tag","embeddable":true,"href":"https:\/\/surandesseafood.cl\/index.php\/wp-json\/wp\/v2\/product_tag?post=9040"}],"curies":[{"name":"wp","href":"https:\/\/api.w.org\/{rel}","templated":true}]}}