{"id":9042,"date":"2025-10-27T18:19:27","date_gmt":"2025-10-27T18:19:27","guid":{"rendered":"https:\/\/surandesseafood.cl\/?post_type=product&#038;p=9042"},"modified":"2025-10-30T18:38:21","modified_gmt":"2025-10-30T18:38:21","slug":"caneloni-ricotta-champinon","status":"publish","type":"product","link":"https:\/\/surandesseafood.cl\/index.php\/producto\/caneloni-ricotta-champinon\/","title":{"rendered":"Caneloni ricotta champi\u00f1\u00f3n"},"content":{"rendered":"<p>Caneloni ricotta champi\u00f1\u00f3n<\/p>\n","protected":false},"excerpt":{"rendered":"<p>Caneloni ricotta champi\u00f1\u00f3n<\/p>\n","protected":false},"featured_media":9116,"template":"","meta":[],"product_brand":[],"product_cat":[125,118,124],"product_tag":[],"class_list":{"0":"post-9042","1":"product","2":"type-product","3":"status-publish","4":"has-post-thumbnail","6":"product_cat-caneloni","7":"product_cat-pastas","8":"product_cat-pre-cocida-congelada","10":"first","11":"instock","12":"shipping-taxable","13":"product-type-simple"},"_links":{"self":[{"href":"https:\/\/surandesseafood.cl\/index.php\/wp-json\/wp\/v2\/product\/9042","targetHints":{"allow":["GET"]}}],"collection":[{"href":"https:\/\/surandesseafood.cl\/index.php\/wp-json\/wp\/v2\/product"}],"about":[{"href":"https:\/\/surandesseafood.cl\/index.php\/wp-json\/wp\/v2\/types\/product"}],"wp:featuredmedia":[{"embeddable":true,"href":"https:\/\/surandesseafood.cl\/index.php\/wp-json\/wp\/v2\/media\/9116"}],"wp:attachment":[{"href":"https:\/\/surandesseafood.cl\/index.php\/wp-json\/wp\/v2\/media?parent=9042"}],"wp:term":[{"taxonomy":"product_brand","embeddable":true,"href":"https:\/\/surandesseafood.cl\/index.php\/wp-json\/wp\/v2\/product_brand?post=9042"},{"taxonomy":"product_cat","embeddable":true,"href":"https:\/\/surandesseafood.cl\/index.php\/wp-json\/wp\/v2\/product_cat?post=9042"},{"taxonomy":"product_tag","embeddable":true,"href":"https:\/\/surandesseafood.cl\/index.php\/wp-json\/wp\/v2\/product_tag?post=9042"}],"curies":[{"name":"wp","href":"https:\/\/api.w.org\/{rel}","templated":true}]}}