{"id":9047,"date":"2025-10-27T18:22:25","date_gmt":"2025-10-27T18:22:25","guid":{"rendered":"https:\/\/surandesseafood.cl\/?post_type=product&#038;p=9047"},"modified":"2025-10-30T18:36:40","modified_gmt":"2025-10-30T18:36:40","slug":"salmon-atlantico-congelado-trim-e-3-4-ivp","status":"publish","type":"product","link":"https:\/\/surandesseafood.cl\/index.php\/producto\/salmon-atlantico-congelado-trim-e-3-4-ivp\/","title":{"rendered":"Salm\u00f3n atl\u00e1ntico congelado Trim E 3-4 IVP"},"content":{"rendered":"<p>Salm\u00f3n atl\u00e1ntico congelado Trim E 3-4 IVP<\/p>\n","protected":false},"excerpt":{"rendered":"<p>Salm\u00f3n atl\u00e1ntico congelado Trim E 3-4 IVP<\/p>\n","protected":false},"featured_media":9148,"template":"","meta":[],"product_brand":[],"product_cat":[116],"product_tag":[],"class_list":{"0":"post-9047","1":"product","2":"type-product","3":"status-publish","4":"has-post-thumbnail","6":"product_cat-pescados","8":"first","9":"instock","10":"shipping-taxable","11":"product-type-simple"},"_links":{"self":[{"href":"https:\/\/surandesseafood.cl\/index.php\/wp-json\/wp\/v2\/product\/9047","targetHints":{"allow":["GET"]}}],"collection":[{"href":"https:\/\/surandesseafood.cl\/index.php\/wp-json\/wp\/v2\/product"}],"about":[{"href":"https:\/\/surandesseafood.cl\/index.php\/wp-json\/wp\/v2\/types\/product"}],"wp:featuredmedia":[{"embeddable":true,"href":"https:\/\/surandesseafood.cl\/index.php\/wp-json\/wp\/v2\/media\/9148"}],"wp:attachment":[{"href":"https:\/\/surandesseafood.cl\/index.php\/wp-json\/wp\/v2\/media?parent=9047"}],"wp:term":[{"taxonomy":"product_brand","embeddable":true,"href":"https:\/\/surandesseafood.cl\/index.php\/wp-json\/wp\/v2\/product_brand?post=9047"},{"taxonomy":"product_cat","embeddable":true,"href":"https:\/\/surandesseafood.cl\/index.php\/wp-json\/wp\/v2\/product_cat?post=9047"},{"taxonomy":"product_tag","embeddable":true,"href":"https:\/\/surandesseafood.cl\/index.php\/wp-json\/wp\/v2\/product_tag?post=9047"}],"curies":[{"name":"wp","href":"https:\/\/api.w.org\/{rel}","templated":true}]}}